{"id":1403,"date":"2022-07-22T08:43:14","date_gmt":"2022-07-22T12:43:14","guid":{"rendered":"https:\/\/samuelalexis.com\/?page_id=1403"},"modified":"2025-07-08T15:22:17","modified_gmt":"2025-07-08T19:22:17","slug":"a-propos","status":"publish","type":"page","link":"https:\/\/samuelalexis.com\/en\/a-propos\/","title":{"rendered":"About"},"content":{"rendered":"<div data-elementor-type=\"wp-page\" data-elementor-id=\"1403\" class=\"elementor elementor-1403\" data-elementor-post-type=\"page\">\n\t\t\t\t<div class=\"elementor-element elementor-element-1cae7c6d e-con-full e-flex e-con e-parent\" data-id=\"1cae7c6d\" data-element_type=\"container\" data-e-type=\"container\">\n\t\t\t\t<div class=\"elementor-element elementor-element-2f1e361 elementor-headline--style-rotate elementor-widget__width-initial elementor-widget-mobile__width-initial elementor-widget elementor-widget-animated-headline\" data-id=\"2f1e361\" data-element_type=\"widget\" data-e-type=\"widget\" data-settings=\"{&quot;headline_style&quot;:&quot;rotate&quot;,&quot;animation_type&quot;:&quot;slide-down&quot;,&quot;rotating_text&quot;:&quot;de coeur\\nd&#039;intuition\\nsocial\\n&lt;i&gt;pas plate!&lt;\\\/i&gt;&quot;,&quot;rotate_iteration_delay&quot;:2600,&quot;loop&quot;:&quot;yes&quot;}\" data-widget_type=\"animated-headline.default\">\n\t\t\t\t<div class=\"elementor-widget-container\">\n\t\t\t\t\t\t\t<h3 class=\"elementor-headline elementor-headline-animation-type-slide-down\">\n\t\t\t\t\t<span class=\"elementor-headline-plain-text elementor-headline-text-wrapper\">Graphiste<\/span>\n\t\t\t\t<span class=\"elementor-headline-dynamic-wrapper elementor-headline-text-wrapper\">\n\t\t\t\t\t<span class=\"elementor-headline-dynamic-text elementor-headline-text-active\">\n\t\t\t\tde&nbsp;coeur\t\t\t<\/span>\n\t\t\t\t\t<span class=\"elementor-headline-dynamic-text\">\n\t\t\t\td'intuition\t\t\t<\/span>\n\t\t\t\t\t<span class=\"elementor-headline-dynamic-text\">\n\t\t\t\tsocial\t\t\t<\/span>\n\t\t\t\t\t<span class=\"elementor-headline-dynamic-text\">\n\t\t\t\t<i>pas&nbsp;plate!<\/i>\t\t\t<\/span>\n\t\t\t\t\t\t<\/span>\n\t\t\t\t<\/h3>\n\t\t\t\t\t\t<\/div>\n\t\t\t\t<\/div>\n\t\t\t\t<div class=\"elementor-element elementor-element-5666f1a5 elementor-widget__width-initial elementor-widget elementor-widget-text-editor\" data-id=\"5666f1a5\" data-element_type=\"widget\" data-e-type=\"widget\" data-widget_type=\"text-editor.default\">\n\t\t\t\t<div class=\"elementor-widget-container\">\n\t\t\t\t\t\t\t\t\t<p>Avec les ann\u00e9es, mon implication dans le milieu communautaire m\u2019a amen\u00e9 \u00e0 vouloir en faire plus chaque jour.<strong> Je me consid\u00e8re comme un graphiste de c\u0153ur, d&rsquo;intuition avec beaucoup d&rsquo;id\u00e9es <em>et pas plate pantoute!<\/em><\/strong><\/p>\t\t\t\t\t\t\t\t<\/div>\n\t\t\t\t<\/div>\n\t\t\t\t<\/div>\n\t\t<div class=\"elementor-element elementor-element-280dcedd e-flex e-con-boxed e-con e-parent\" data-id=\"280dcedd\" data-element_type=\"container\" data-e-type=\"container\" data-settings=\"{&quot;background_background&quot;:&quot;classic&quot;}\">\n\t\t\t\t\t<div class=\"e-con-inner\">\n\t\t<div class=\"elementor-element elementor-element-13fbe8a9 e-con-full e-flex e-con e-child\" data-id=\"13fbe8a9\" data-element_type=\"container\" data-e-type=\"container\" data-settings=\"{&quot;background_background&quot;:&quot;classic&quot;}\">\n\t\t\t\t<div class=\"elementor-element elementor-element-d88e2e2 elementor-invisible elementor-widget elementor-widget-heading\" data-id=\"d88e2e2\" data-element_type=\"widget\" data-e-type=\"widget\" data-settings=\"{&quot;_animation&quot;:&quot;slideInLeft&quot;}\" data-widget_type=\"heading.default\">\n\t\t\t\t<div class=\"elementor-widget-container\">\n\t\t\t\t\t<h2 class=\"elementor-heading-title elementor-size-default\">Une vision claire<\/h2>\t\t\t\t<\/div>\n\t\t\t\t<\/div>\n\t\t\t\t<div class=\"elementor-element elementor-element-45b72e3 elementor-invisible elementor-widget elementor-widget-text-editor\" data-id=\"45b72e3\" data-element_type=\"widget\" data-e-type=\"widget\" data-settings=\"{&quot;_animation&quot;:&quot;slideInLeft&quot;}\" data-widget_type=\"text-editor.default\">\n\t\t\t\t<div class=\"elementor-widget-container\">\n\t\t\t\t\t\t\t\t\t<p>Je souhaite cr\u00e9er des projets d&rsquo;abord et avant tout pour l&rsquo;humain. Je participe le plus possible \u00e0 des projets qui <strong>transposent un message<\/strong> important, qui <strong>sensibilisent la population<\/strong> ou qui <strong>soutiennent une communaut\u00e9<\/strong> marginalis\u00e9e.<\/p>\t\t\t\t\t\t\t\t<\/div>\n\t\t\t\t<\/div>\n\t\t\t\t<div class=\"elementor-element elementor-element-34febb4d elementor-view-default elementor-widget elementor-widget-icon\" data-id=\"34febb4d\" data-element_type=\"widget\" data-e-type=\"widget\" data-widget_type=\"icon.default\">\n\t\t\t\t<div class=\"elementor-widget-container\">\n\t\t\t\t\t\t\t<div class=\"elementor-icon-wrapper\">\n\t\t\t<a class=\"elementor-icon elementor-animation-skew-forward\" href=\"#\">\n\t\t\t\t\t\t<\/a>\n\t\t<\/div>\n\t\t\t\t\t\t<\/div>\n\t\t\t\t<\/div>\n\t\t\t\t<\/div>\n\t\t<div class=\"elementor-element elementor-element-740f9b1b e-con-full e-flex e-con e-child\" data-id=\"740f9b1b\" data-element_type=\"container\" data-e-type=\"container\" data-settings=\"{&quot;background_background&quot;:&quot;classic&quot;}\">\n\t\t\t\t<\/div>\n\t\t\t\t\t<\/div>\n\t\t\t\t<\/div>\n\t\t<div class=\"elementor-element elementor-element-b9f7daf e-flex e-con-boxed e-con e-parent\" data-id=\"b9f7daf\" data-element_type=\"container\" data-e-type=\"container\" data-settings=\"{&quot;background_background&quot;:&quot;classic&quot;}\">\n\t\t\t\t\t<div class=\"e-con-inner\">\n\t\t<div class=\"elementor-element elementor-element-d20090c e-con-full elementor-hidden-mobile e-flex e-con e-child\" data-id=\"d20090c\" data-element_type=\"container\" data-e-type=\"container\" data-settings=\"{&quot;background_background&quot;:&quot;classic&quot;}\">\n\t\t\t\t<\/div>\n\t\t<div class=\"elementor-element elementor-element-a6af9c3 e-con-full e-flex e-con e-child\" data-id=\"a6af9c3\" data-element_type=\"container\" data-e-type=\"container\" data-settings=\"{&quot;background_background&quot;:&quot;classic&quot;}\">\n\t\t\t\t<div class=\"elementor-element elementor-element-4e7d82a elementor-invisible elementor-widget elementor-widget-heading\" data-id=\"4e7d82a\" data-element_type=\"widget\" data-e-type=\"widget\" data-settings=\"{&quot;_animation&quot;:&quot;slideInLeft&quot;}\" data-widget_type=\"heading.default\">\n\t\t\t\t<div class=\"elementor-widget-container\">\n\t\t\t\t\t<h2 class=\"elementor-heading-title elementor-size-default\">Tracer son chemin<\/h2>\t\t\t\t<\/div>\n\t\t\t\t<\/div>\n\t\t\t\t<div class=\"elementor-element elementor-element-5a83851 elementor-invisible elementor-widget elementor-widget-button\" data-id=\"5a83851\" data-element_type=\"widget\" data-e-type=\"widget\" data-settings=\"{&quot;_animation&quot;:&quot;fadeIn&quot;}\" data-widget_type=\"button.default\">\n\t\t\t\t<div class=\"elementor-widget-container\">\n\t\t\t\t\t\t\t\t\t<div class=\"elementor-button-wrapper\">\n\t\t\t\t\t<a class=\"elementor-button elementor-button-link elementor-size-sm elementor-animation-rotate\" href=\"https:\/\/samuelalexis.com\/en\/contact\/\">\n\t\t\t\t\t\t<span class=\"elementor-button-content-wrapper\">\n\t\t\t\t\t\t\t\t\t<span class=\"elementor-button-text\">travaillons ensemble<\/span>\n\t\t\t\t\t<\/span>\n\t\t\t\t\t<\/a>\n\t\t\t\t<\/div>\n\t\t\t\t\t\t\t\t<\/div>\n\t\t\t\t<\/div>\n\t\t\t\t<div class=\"elementor-element elementor-element-5832d5b elementor-invisible elementor-widget elementor-widget-button\" data-id=\"5832d5b\" data-element_type=\"widget\" data-e-type=\"widget\" data-settings=\"{&quot;_animation&quot;:&quot;fadeIn&quot;}\" data-widget_type=\"button.default\">\n\t\t\t\t<div class=\"elementor-widget-container\">\n\t\t\t\t\t\t\t\t\t<div class=\"elementor-button-wrapper\">\n\t\t\t\t\t<a class=\"elementor-button elementor-button-link elementor-size-sm elementor-animation-rotate\" href=\"https:\/\/samuelalexis.com\/en\/realisations\/\">\n\t\t\t\t\t\t<span class=\"elementor-button-content-wrapper\">\n\t\t\t\t\t\t\t\t\t<span class=\"elementor-button-text\">mes r\u00e9alisations<\/span>\n\t\t\t\t\t<\/span>\n\t\t\t\t\t<\/a>\n\t\t\t\t<\/div>\n\t\t\t\t\t\t\t\t<\/div>\n\t\t\t\t<\/div>\n\t\t\t\t<div class=\"elementor-element elementor-element-ebbf6a0 elementor-invisible elementor-widget elementor-widget-text-editor\" data-id=\"ebbf6a0\" data-element_type=\"widget\" data-e-type=\"widget\" data-settings=\"{&quot;_animation&quot;:&quot;slideInRight&quot;}\" data-widget_type=\"text-editor.default\">\n\t\t\t\t<div class=\"elementor-widget-container\">\n\t\t\t\t\t\t\t\t\t<p class=\"p1\">Du haut de mes 5&rsquo;5&prime;, j&rsquo;ai d&rsquo;abord navigu\u00e9 le domaine du travail social en sortant de l&rsquo;\u00e9cole. Puis, je me diriger vers l\u2019enseignement des arts visuels au C\u00e9gep et \u00e0 l\u2019universit\u00e9. Ce qui m&rsquo;a ensuite men\u00e9 vers mon seul vrai amour;<em> le design graphique.<\/em><\/p><p class=\"p1\">La cr\u00e9ativit\u00e9, ayant toujours fait partie de ma vie, combin\u00e9e \u00e0 mon c\u00f4t\u00e9 autodidacte et mon envie de choisir des projets d&rsquo;impacts, m\u2019a men\u00e9 \u00e0 me lancer \u00e0 mon compte d\u00e8s ma sortie de l\u2019\u00e9cole.<\/p><p>Les petites et grandes aventures alimentent mon besoin d&rsquo;\u00eatre constamment inspir\u00e9, d&rsquo;explorer et d&rsquo;apprendre de ceux et celles qui m&rsquo;entourent.<\/p><p>Apr\u00e8s 9 ans \u00e0 pratiquer le plus beau m\u00e9tier du monde, je suis toujours aussi passionn\u00e9 que le premier jour.<\/p><p class=\"p1\">\u00catre<strong>\u00a0align\u00e9 \u00e0 qui je suis<\/strong>, <strong>m&rsquo;entourer de personnes comp\u00e9tentes<\/strong>, <strong>choisir des projets enrichissants<\/strong> et de <strong>d\u00e9couvrir de beaux humains<\/strong> sur ma route, resterons toujours des priorit\u00e9s pour moi!<\/p>\t\t\t\t\t\t\t\t<\/div>\n\t\t\t\t<\/div>\n\t\t\t\t<div class=\"elementor-element elementor-element-5fa503f elementor-view-default elementor-widget elementor-widget-icon\" data-id=\"5fa503f\" data-element_type=\"widget\" data-e-type=\"widget\" data-widget_type=\"icon.default\">\n\t\t\t\t<div class=\"elementor-widget-container\">\n\t\t\t\t\t\t\t<div class=\"elementor-icon-wrapper\">\n\t\t\t<a class=\"elementor-icon elementor-animation-skew-forward\" href=\"#\">\n\t\t\t\t\t\t<\/a>\n\t\t<\/div>\n\t\t\t\t\t\t<\/div>\n\t\t\t\t<\/div>\n\t\t\t\t<\/div>\n\t\t\t\t\t<\/div>\n\t\t\t\t<\/div>\n\t\t\t\t<\/div>","protected":false},"excerpt":{"rendered":"<p>Graphiste de&nbsp;coeur d&rsquo;intuition social pas&nbsp;plate! Avec les ann\u00e9es, mon implication dans le milieu communautaire m\u2019a amen\u00e9 \u00e0 vouloir en faire plus chaque jour. Je me consid\u00e8re comme un graphiste de c\u0153ur, d&rsquo;intuition avec beaucoup d&rsquo;id\u00e9es et pas plate pantoute! Une vision claire Je souhaite cr\u00e9er des projets d&rsquo;abord et avant tout pour l&rsquo;humain. Je participe [&hellip;]<\/p>\n","protected":false},"author":1,"featured_media":0,"parent":0,"menu_order":0,"comment_status":"closed","ping_status":"closed","template":"elementor_header_footer","meta":{"footnotes":""},"class_list":["post-1403","page","type-page","status-publish","hentry"],"_links":{"self":[{"href":"https:\/\/samuelalexis.com\/en\/wp-json\/wp\/v2\/pages\/1403","targetHints":{"allow":["GET"]}}],"collection":[{"href":"https:\/\/samuelalexis.com\/en\/wp-json\/wp\/v2\/pages"}],"about":[{"href":"https:\/\/samuelalexis.com\/en\/wp-json\/wp\/v2\/types\/page"}],"author":[{"embeddable":true,"href":"https:\/\/samuelalexis.com\/en\/wp-json\/wp\/v2\/users\/1"}],"replies":[{"embeddable":true,"href":"https:\/\/samuelalexis.com\/en\/wp-json\/wp\/v2\/comments?post=1403"}],"version-history":[{"count":5,"href":"https:\/\/samuelalexis.com\/en\/wp-json\/wp\/v2\/pages\/1403\/revisions"}],"predecessor-version":[{"id":5219,"href":"https:\/\/samuelalexis.com\/en\/wp-json\/wp\/v2\/pages\/1403\/revisions\/5219"}],"wp:attachment":[{"href":"https:\/\/samuelalexis.com\/en\/wp-json\/wp\/v2\/media?parent=1403"}],"curies":[{"name":"wp","href":"https:\/\/api.w.org\/{rel}","templated":true}]}}