{"id":1407,"date":"2022-07-22T08:43:42","date_gmt":"2022-07-22T12:43:42","guid":{"rendered":"https:\/\/samuelalexis.com\/?page_id=1407"},"modified":"2025-04-01T11:21:50","modified_gmt":"2025-04-01T15:21:50","slug":"outils","status":"publish","type":"page","link":"https:\/\/samuelalexis.com\/en\/outils\/","title":{"rendered":"Tools"},"content":{"rendered":"\t\t<div data-elementor-type=\"wp-page\" data-elementor-id=\"1407\" class=\"elementor elementor-1407\" data-elementor-post-type=\"page\">\n\t\t\t\t<div class=\"elementor-element elementor-element-7cbf16c8 e-flex e-con-boxed e-con e-parent\" data-id=\"7cbf16c8\" data-element_type=\"container\" data-e-type=\"container\" data-settings=\"{&quot;background_background&quot;:&quot;classic&quot;}\">\n\t\t\t\t\t<div class=\"e-con-inner\">\n\t\t<div class=\"elementor-element elementor-element-d1346fd e-con-full e-flex e-con e-child\" data-id=\"d1346fd\" data-element_type=\"container\" data-e-type=\"container\">\n\t\t\t\t<div class=\"elementor-element elementor-element-716a9bea elementor-widget__width-initial elementor-widget elementor-widget-image\" data-id=\"716a9bea\" data-element_type=\"widget\" data-e-type=\"widget\" data-widget_type=\"image.default\">\n\t\t\t\t<div class=\"elementor-widget-container\">\n\t\t\t\t\t\t\t\t\t\t\t\t\t\t\t<img fetchpriority=\"high\" decoding=\"async\" width=\"10912\" height=\"4973\" src=\"https:\/\/samuelalexis.com\/wp-content\/uploads\/2023\/03\/sacom-15.png\" class=\"attachment-full size-full wp-image-3299\" alt=\"\" srcset=\"https:\/\/samuelalexis.com\/wp-content\/uploads\/2023\/03\/sacom-15.png 10912w, https:\/\/samuelalexis.com\/wp-content\/uploads\/2023\/03\/sacom-15-300x137.png 300w, https:\/\/samuelalexis.com\/wp-content\/uploads\/2023\/03\/sacom-15-1024x467.png 1024w, https:\/\/samuelalexis.com\/wp-content\/uploads\/2023\/03\/sacom-15-768x350.png 768w, https:\/\/samuelalexis.com\/wp-content\/uploads\/2023\/03\/sacom-15-1536x700.png 1536w, https:\/\/samuelalexis.com\/wp-content\/uploads\/2023\/03\/sacom-15-2048x933.png 2048w, https:\/\/samuelalexis.com\/wp-content\/uploads\/2023\/03\/sacom-15-18x8.png 18w, https:\/\/samuelalexis.com\/wp-content\/uploads\/2023\/03\/sacom-15-600x273.png 600w\" sizes=\"(max-width: 10912px) 100vw, 10912px\" \/>\t\t\t\t\t\t\t\t\t\t\t\t\t\t\t<\/div>\n\t\t\t\t<\/div>\n\t\t\t\t<div class=\"elementor-element elementor-element-592fb95c elementor-view-default elementor-widget elementor-widget-icon\" data-id=\"592fb95c\" data-element_type=\"widget\" data-e-type=\"widget\" data-widget_type=\"icon.default\">\n\t\t\t\t<div class=\"elementor-widget-container\">\n\t\t\t\t\t\t\t<div class=\"elementor-icon-wrapper\">\n\t\t\t<a class=\"elementor-icon\" href=\"#elementor-action%3Aaction%3Dpopup%3Aopen%26settings%3DeyJpZCI6IjQyNDYiLCJ0b2dnbGUiOmZhbHNlfQ%3D%3D\">\n\t\t\t<svg xmlns=\"http:\/\/www.w3.org\/2000\/svg\" id=\"Calque_1\" data-name=\"Calque 1\" viewBox=\"0 0 88.1 54.9\"><path d=\"m83.9,31.7h.6c2.4-.4,4-2.8,3.5-5.1-.5-2-2.2-3.3-4.3-3.3H3.8c-2.2.2-4.1,2.2-3.8,4.8.3,2.3,2.3,3.7,4.3,3.7h79.7,0Z\" style=\"fill: #0c3b2b;\"><\/path><path d=\"m18.8,8.5h65.6c2.2-.3,3.8-2.2,3.7-4.4-.1-2.4-2.2-4.1-4.3-4.1H17.9c-2.5.4-4.1,2.9-3.4,5.3.5,1.9,2.2,3.2,4.3,3.2Z\" style=\"fill: #0c3b2b;\"><\/path><path d=\"m83.8,46.4h-51.7c-2.3.3-4.1,2.5-3.6,5.1.4,2,2.2,3.4,4.2,3.4h51.6c2.3-.3,4-2.5,3.7-4.8-.3-2.1-2.1-3.6-4.2-3.6h0Z\" style=\"fill: #0c3b2b;\"><\/path><\/svg>\t\t\t<\/a>\n\t\t<\/div>\n\t\t\t\t\t\t<\/div>\n\t\t\t\t<\/div>\n\t\t\t\t<\/div>\n\t\t<div class=\"elementor-element elementor-element-65722ae8 e-con-full e-flex e-con e-child\" data-id=\"65722ae8\" data-element_type=\"container\" data-e-type=\"container\">\n\t\t<div class=\"elementor-element elementor-element-36ebcf0d e-con-full e-flex e-con e-child\" data-id=\"36ebcf0d\" data-element_type=\"container\" data-e-type=\"container\">\n\t\t\t\t<div class=\"elementor-element elementor-element-1d7bb188 elementor-headline--style-rotate elementor-widget__width-initial elementor-widget elementor-widget-animated-headline\" data-id=\"1d7bb188\" data-element_type=\"widget\" data-e-type=\"widget\" data-settings=\"{&quot;headline_style&quot;:&quot;rotate&quot;,&quot;animation_type&quot;:&quot;slide-down&quot;,&quot;rotating_text&quot;:&quot;d\\u00e9couvrir\\napprendre\\ngrandir&quot;,&quot;rotate_iteration_delay&quot;:2600,&quot;loop&quot;:&quot;yes&quot;}\" data-widget_type=\"animated-headline.default\">\n\t\t\t\t<div class=\"elementor-widget-container\">\n\t\t\t\t\t\t\t<h3 class=\"elementor-headline elementor-headline-animation-type-slide-down\">\n\t\t\t\t\t<span class=\"elementor-headline-plain-text elementor-headline-text-wrapper\">S'ouvrir c'est<\/span>\n\t\t\t\t<span class=\"elementor-headline-dynamic-wrapper elementor-headline-text-wrapper\">\n\t\t\t\t\t<span class=\"elementor-headline-dynamic-text elementor-headline-text-active\">\n\t\t\t\td\u00e9couvrir\t\t\t<\/span>\n\t\t\t\t\t<span class=\"elementor-headline-dynamic-text\">\n\t\t\t\tapprendre\t\t\t<\/span>\n\t\t\t\t\t<span class=\"elementor-headline-dynamic-text\">\n\t\t\t\tgrandir\t\t\t<\/span>\n\t\t\t\t\t\t<\/span>\n\t\t\t\t<\/h3>\n\t\t\t\t\t\t<\/div>\n\t\t\t\t<\/div>\n\t\t\t\t<div class=\"elementor-element elementor-element-56dbfefc elementor-widget__width-initial elementor-widget elementor-widget-text-editor\" data-id=\"56dbfefc\" data-element_type=\"widget\" data-e-type=\"widget\" data-widget_type=\"text-editor.default\">\n\t\t\t\t<div class=\"elementor-widget-container\">\n\t\t\t\t\t\t\t\t\t<p><strong>C&rsquo;est tellement beau de voir des gens int\u00e9ress\u00e9s \u00e0 s&rsquo;ouvrir davantage et en apprendre plus sur plein de sujets. Moi-m\u00eame assoiff\u00e9 de nouveaux apprentissages, j&rsquo;avais envie de t&rsquo;offrir un brin de mes connaissances, dans une formule \u00ab\u00e0 emporter\u00bb. Choisis ce qui t&rsquo;int\u00e9resse et apprends-en plus, \u00e0 ton rythme.<\/strong><\/p>\t\t\t\t\t\t\t\t<\/div>\n\t\t\t\t<\/div>\n\t\t\t\t<\/div>\n\t\t\t\t<\/div>\n\t\t\t\t\t<\/div>\n\t\t\t\t<\/div>\n\t\t<div class=\"elementor-element elementor-element-33ef408d e-flex e-con-boxed e-con e-parent\" data-id=\"33ef408d\" data-element_type=\"container\" data-e-type=\"container\" data-settings=\"{&quot;background_background&quot;:&quot;classic&quot;,&quot;shape_divider_bottom&quot;:&quot;tilt&quot;,&quot;shape_divider_top&quot;:&quot;tilt&quot;}\">\n\t\t\t\t\t<div class=\"e-con-inner\">\n\t\t\t\t<div class=\"elementor-shape elementor-shape-top\" aria-hidden=\"true\" data-negative=\"false\">\n\t\t\t<svg xmlns=\"http:\/\/www.w3.org\/2000\/svg\" viewBox=\"0 0 1000 100\" preserveAspectRatio=\"none\">\n\t<path class=\"elementor-shape-fill\" d=\"M0,6V0h1000v100L0,6z\"\/>\n<\/svg>\t\t<\/div>\n\t\t\t\t<div class=\"elementor-shape elementor-shape-bottom\" aria-hidden=\"true\" data-negative=\"false\">\n\t\t\t<svg xmlns=\"http:\/\/www.w3.org\/2000\/svg\" viewBox=\"0 0 1000 100\" preserveAspectRatio=\"none\">\n\t<path class=\"elementor-shape-fill\" d=\"M0,6V0h1000v100L0,6z\"\/>\n<\/svg>\t\t<\/div>\n\t\t<div class=\"elementor-element elementor-element-3756c547 e-con-full e-flex e-con e-child\" data-id=\"3756c547\" data-element_type=\"container\" data-e-type=\"container\">\n\t\t\t\t<div class=\"elementor-element elementor-element-3ae7185 elementor-widget__width-initial elementor-widget elementor-widget-image\" data-id=\"3ae7185\" data-element_type=\"widget\" data-e-type=\"widget\" data-settings=\"{&quot;motion_fx_motion_fx_scrolling&quot;:&quot;yes&quot;,&quot;motion_fx_rotateZ_effect&quot;:&quot;yes&quot;,&quot;motion_fx_rotateZ_speed&quot;:{&quot;unit&quot;:&quot;px&quot;,&quot;size&quot;:1,&quot;sizes&quot;:[]},&quot;motion_fx_rotateZ_affectedRange&quot;:{&quot;unit&quot;:&quot;%&quot;,&quot;size&quot;:&quot;&quot;,&quot;sizes&quot;:{&quot;start&quot;:0,&quot;end&quot;:100}},&quot;motion_fx_devices&quot;:[&quot;desktop&quot;,&quot;tablet&quot;,&quot;mobile&quot;]}\" data-widget_type=\"image.default\">\n\t\t\t\t<div class=\"elementor-widget-container\">\n\t\t\t\t\t\t\t\t\t\t\t\t\t\t\t<img decoding=\"async\" width=\"800\" height=\"938\" src=\"https:\/\/samuelalexis.com\/wp-content\/uploads\/2024\/04\/34-logo-873x1024.png\" class=\"attachment-large size-large wp-image-3894\" alt=\"\" srcset=\"https:\/\/samuelalexis.com\/wp-content\/uploads\/2024\/04\/34-logo-873x1024.png 873w, https:\/\/samuelalexis.com\/wp-content\/uploads\/2024\/04\/34-logo-256x300.png 256w, https:\/\/samuelalexis.com\/wp-content\/uploads\/2024\/04\/34-logo-768x901.png 768w, https:\/\/samuelalexis.com\/wp-content\/uploads\/2024\/04\/34-logo-10x12.png 10w, https:\/\/samuelalexis.com\/wp-content\/uploads\/2024\/04\/34-logo-600x704.png 600w, https:\/\/samuelalexis.com\/wp-content\/uploads\/2024\/04\/34-logo.png 1250w\" sizes=\"(max-width: 800px) 100vw, 800px\" \/>\t\t\t\t\t\t\t\t\t\t\t\t\t\t\t<\/div>\n\t\t\t\t<\/div>\n\t\t\t\t<\/div>\n\t\t<div class=\"elementor-element elementor-element-5e9f940 e-con-full e-flex e-con e-child\" data-id=\"5e9f940\" data-element_type=\"container\" data-e-type=\"container\">\n\t\t\t\t<div class=\"elementor-element elementor-element-27e59caa elementor-widget__width-initial elementor-invisible elementor-widget elementor-widget-heading\" data-id=\"27e59caa\" data-element_type=\"widget\" data-e-type=\"widget\" data-settings=\"{&quot;_animation&quot;:&quot;fadeIn&quot;}\" data-widget_type=\"heading.default\">\n\t\t\t\t<div class=\"elementor-widget-container\">\n\t\t\t\t\t<h2 class=\"elementor-heading-title elementor-size-default\">34 conseils gratuits<\/h2>\t\t\t\t<\/div>\n\t\t\t\t<\/div>\n\t\t\t\t<div class=\"elementor-element elementor-element-3e73f8a elementor-invisible elementor-widget elementor-widget-text-editor\" data-id=\"3e73f8a\" data-element_type=\"widget\" data-e-type=\"widget\" data-settings=\"{&quot;_animation&quot;:&quot;fadeIn&quot;}\" data-widget_type=\"text-editor.default\">\n\t\t\t\t<div class=\"elementor-widget-container\">\n\t\t\t\t\t\t\t\t\t<p class=\"p1\"><strong><span class=\"s1\">Ce n&rsquo;est pas toujours simple de trouver de l&rsquo;inspiration et des sujets pour nos m\u00e9dias sociaux. Et pourtant, c&rsquo;est essentiel d&rsquo;\u00eatre pertinent et unique!<\/span><\/strong><\/p><p class=\"p1\"><span class=\"s1\">Pour d\u00e9couvrir une m\u00e9thode qui te permettra de passer de quelques sujets g\u00e9n\u00e9riques \u00e0 plusieurs sujets pour toute ton ann\u00e9e, t\u00e9l\u00e9charge\u00a0 l&rsquo;<strong>outil gratuit<\/strong> \u00abroulette \u00e0 sujets\u00bb.<\/span><\/p>\t\t\t\t\t\t\t\t<\/div>\n\t\t\t\t<\/div>\n\t\t\t\t<div class=\"elementor-element elementor-element-023c4e2 elementor-widget__width-auto elementor-widget elementor-widget-button\" data-id=\"023c4e2\" data-element_type=\"widget\" data-e-type=\"widget\" data-widget_type=\"button.default\">\n\t\t\t\t<div class=\"elementor-widget-container\">\n\t\t\t\t\t\t\t\t\t<div class=\"elementor-button-wrapper\">\n\t\t\t\t\t<a class=\"elementor-button elementor-button-link elementor-size-sm elementor-animation-grow-rotate\" href=\"https:\/\/samuelalexis.com\/34-2\/\">\n\t\t\t\t\t\t<span class=\"elementor-button-content-wrapper\">\n\t\t\t\t\t\t\t\t\t<span class=\"elementor-button-text\">consulter<\/span>\n\t\t\t\t\t<\/span>\n\t\t\t\t\t<\/a>\n\t\t\t\t<\/div>\n\t\t\t\t\t\t\t\t<\/div>\n\t\t\t\t<\/div>\n\t\t\t\t<\/div>\n\t\t\t\t\t<\/div>\n\t\t\t\t<\/div>\n\t\t<div class=\"elementor-element elementor-element-cb65d84 e-flex e-con-boxed e-con e-parent\" data-id=\"cb65d84\" data-element_type=\"container\" data-e-type=\"container\" data-settings=\"{&quot;background_background&quot;:&quot;classic&quot;}\">\n\t\t\t\t\t<div class=\"e-con-inner\">\n\t\t<div class=\"elementor-element elementor-element-7b55216 e-con-full e-flex e-con e-child\" data-id=\"7b55216\" data-element_type=\"container\" data-e-type=\"container\">\n\t\t\t\t<div class=\"elementor-element elementor-element-6c19d49 elementor-widget elementor-widget-image\" data-id=\"6c19d49\" data-element_type=\"widget\" data-e-type=\"widget\" data-settings=\"{&quot;motion_fx_motion_fx_scrolling&quot;:&quot;yes&quot;,&quot;motion_fx_rotateZ_effect&quot;:&quot;yes&quot;,&quot;motion_fx_rotateZ_speed&quot;:{&quot;unit&quot;:&quot;px&quot;,&quot;size&quot;:1,&quot;sizes&quot;:[]},&quot;motion_fx_rotateZ_affectedRange&quot;:{&quot;unit&quot;:&quot;%&quot;,&quot;size&quot;:&quot;&quot;,&quot;sizes&quot;:{&quot;start&quot;:0,&quot;end&quot;:100}},&quot;motion_fx_devices&quot;:[&quot;desktop&quot;,&quot;tablet&quot;,&quot;mobile&quot;]}\" data-widget_type=\"image.default\">\n\t\t\t\t<div class=\"elementor-widget-container\">\n\t\t\t\t\t\t\t\t\t\t\t\t\t\t\t<img decoding=\"async\" width=\"1080\" height=\"1080\" src=\"https:\/\/samuelalexis.com\/wp-content\/uploads\/2022\/10\/gabarits-MS-2022-1.svg\" class=\"attachment-full size-full wp-image-3105\" alt=\"\" \/>\t\t\t\t\t\t\t\t\t\t\t\t\t\t\t<\/div>\n\t\t\t\t<\/div>\n\t\t\t\t<\/div>\n\t\t<div class=\"elementor-element elementor-element-ebb979a e-con-full e-flex e-con e-child\" data-id=\"ebb979a\" data-element_type=\"container\" data-e-type=\"container\">\n\t\t\t\t<div class=\"elementor-element elementor-element-517391f elementor-widget__width-initial elementor-invisible elementor-widget elementor-widget-heading\" data-id=\"517391f\" data-element_type=\"widget\" data-e-type=\"widget\" data-settings=\"{&quot;_animation&quot;:&quot;fadeIn&quot;}\" data-widget_type=\"heading.default\">\n\t\t\t\t<div class=\"elementor-widget-container\">\n\t\t\t\t\t<h2 class=\"elementor-heading-title elementor-size-default\">Roulette \u00e0 sujets<\/h2>\t\t\t\t<\/div>\n\t\t\t\t<\/div>\n\t\t\t\t<div class=\"elementor-element elementor-element-fd2db68 elementor-invisible elementor-widget elementor-widget-text-editor\" data-id=\"fd2db68\" data-element_type=\"widget\" data-e-type=\"widget\" data-settings=\"{&quot;_animation&quot;:&quot;fadeIn&quot;}\" data-widget_type=\"text-editor.default\">\n\t\t\t\t<div class=\"elementor-widget-container\">\n\t\t\t\t\t\t\t\t\t<p class=\"p1\"><strong>L&rsquo;outil sur les bonnes pratiques inclusives.<\/strong> Une invitation \u00e0 avoir des r\u00e9flexions importantes pour faire des changements adapt\u00e9s,<strong> vers une inclusivit\u00e9 plus consciente et \u00e0 impact positive.<\/strong><\/p>\t\t\t\t\t\t\t\t<\/div>\n\t\t\t\t<\/div>\n\t\t\t\t<div class=\"elementor-element elementor-element-c8ca6ec elementor-widget__width-auto elementor-widget elementor-widget-button\" data-id=\"c8ca6ec\" data-element_type=\"widget\" data-e-type=\"widget\" data-widget_type=\"button.default\">\n\t\t\t\t<div class=\"elementor-widget-container\">\n\t\t\t\t\t\t\t\t\t<div class=\"elementor-button-wrapper\">\n\t\t\t\t\t<a class=\"elementor-button elementor-button-link elementor-size-sm elementor-animation-grow-rotate\" href=\"#elementor-action%3Aaction%3Dpopup%3Aopen%26settings%3DeyJpZCI6IjMwOTkiLCJ0b2dnbGUiOmZhbHNlfQ%3D%3D\">\n\t\t\t\t\t\t<span class=\"elementor-button-content-wrapper\">\n\t\t\t\t\t\t\t\t\t<span class=\"elementor-button-text\">En savoir plus<\/span>\n\t\t\t\t\t<\/span>\n\t\t\t\t\t<\/a>\n\t\t\t\t<\/div>\n\t\t\t\t\t\t\t\t<\/div>\n\t\t\t\t<\/div>\n\t\t\t\t<\/div>\n\t\t\t\t\t<\/div>\n\t\t\t\t<\/div>\n\t\t\t\t<\/div>\n\t\t","protected":false},"excerpt":{"rendered":"<p>S&rsquo;ouvrir c&rsquo;est d\u00e9couvrir apprendre grandir C&rsquo;est tellement beau de voir des gens int\u00e9ress\u00e9s \u00e0 s&rsquo;ouvrir davantage et en apprendre plus sur plein de sujets. Moi-m\u00eame assoiff\u00e9 de nouveaux apprentissages, j&rsquo;avais envie de t&rsquo;offrir un brin de mes connaissances, dans une formule \u00ab\u00e0 emporter\u00bb. Choisis ce qui t&rsquo;int\u00e9resse et apprends-en plus, \u00e0 ton rythme. 34 conseils [&hellip;]<\/p>\n","protected":false},"author":1,"featured_media":0,"parent":0,"menu_order":0,"comment_status":"closed","ping_status":"closed","template":"elementor_header_footer","meta":{"footnotes":""},"class_list":["post-1407","page","type-page","status-publish","hentry"],"_links":{"self":[{"href":"https:\/\/samuelalexis.com\/en\/wp-json\/wp\/v2\/pages\/1407","targetHints":{"allow":["GET"]}}],"collection":[{"href":"https:\/\/samuelalexis.com\/en\/wp-json\/wp\/v2\/pages"}],"about":[{"href":"https:\/\/samuelalexis.com\/en\/wp-json\/wp\/v2\/types\/page"}],"author":[{"embeddable":true,"href":"https:\/\/samuelalexis.com\/en\/wp-json\/wp\/v2\/users\/1"}],"replies":[{"embeddable":true,"href":"https:\/\/samuelalexis.com\/en\/wp-json\/wp\/v2\/comments?post=1407"}],"version-history":[{"count":5,"href":"https:\/\/samuelalexis.com\/en\/wp-json\/wp\/v2\/pages\/1407\/revisions"}],"predecessor-version":[{"id":4538,"href":"https:\/\/samuelalexis.com\/en\/wp-json\/wp\/v2\/pages\/1407\/revisions\/4538"}],"wp:attachment":[{"href":"https:\/\/samuelalexis.com\/en\/wp-json\/wp\/v2\/media?parent=1407"}],"curies":[{"name":"wp","href":"https:\/\/api.w.org\/{rel}","templated":true}]}}