{"id":3763,"date":"2023-08-30T10:45:24","date_gmt":"2023-08-30T14:45:24","guid":{"rendered":"https:\/\/samuelalexis.com\/?page_id=3763"},"modified":"2023-08-30T11:05:30","modified_gmt":"2023-08-30T15:05:30","slug":"politique-de-confidentialite","status":"publish","type":"page","link":"https:\/\/samuelalexis.com\/en\/politique-de-confidentialite\/","title":{"rendered":"Politique de confidentialit\u00e9"},"content":{"rendered":"<div data-elementor-type=\"wp-page\" data-elementor-id=\"3763\" class=\"elementor elementor-3763\" data-elementor-post-type=\"page\">\n\t\t\t\t\t\t<section class=\"elementor-section elementor-top-section elementor-element elementor-element-298acbf elementor-section-boxed elementor-section-height-default elementor-section-height-default\" data-id=\"298acbf\" data-element_type=\"section\" data-e-type=\"section\">\n\t\t\t\t\t\t<div class=\"elementor-container elementor-column-gap-default\">\n\t\t\t\t\t<div class=\"elementor-column elementor-col-100 elementor-top-column elementor-element elementor-element-0a6f684\" data-id=\"0a6f684\" data-element_type=\"column\" data-e-type=\"column\">\n\t\t\t<div class=\"elementor-widget-wrap elementor-element-populated\">\n\t\t\t\t\t\t<div class=\"elementor-element elementor-element-4e07c90 elementor-widget elementor-widget-text-editor\" data-id=\"4e07c90\" data-element_type=\"widget\" data-e-type=\"widget\" data-widget_type=\"text-editor.default\">\n\t\t\t\t<div class=\"elementor-widget-container\">\n\t\t\t\t\t\t\t\t\t<h5><strong>Consentement \u00e0 l&rsquo;utilisation de cookies<\/strong><\/h5><p>Pour le bon fonctionnement de notre site Web, nous utilisons cookies. Afin d&rsquo;obtenir votre consentement valide pour l&rsquo;utilisation et le stockage de cookies dans le navigateur que vous utilisez pour acc\u00e9der \u00e0 notre site Web et pour documenter correctement ceci, nous utilisons une plateforme de gestion des consentements : CookieFirst. Cette technologie est fournie par Digital Data Solutions BV, Plantage Middenlaan 42a, 1018 DH, Amsterdam, Pays-Bas. Site web: <a href=\"https:\/\/cookiefirst.com\">cookiefirst.com <\/a>\u00a0d\u00e9sign\u00e9 sous le nom de CookieFirst.<\/p><p>Lorsque vous acc\u00e9dez \u00e0 notre site web, une connexion est \u00e9tablie avec le serveur de CookieFirstpour nous donner la possibilit\u00e9 d&rsquo;obtenir un consentement valide de votre part pour l&rsquo;utilisation de certains cookies. CookieFirst stocke ensuite un cookie dans votre navigateur afin de pouvoir activer uniquement les cookies auxquels vous avez consenti et de le documenter correctement. Les donn\u00e9es trait\u00e9es sont stock\u00e9es jusqu&rsquo;\u00e0 l&rsquo;expiration de la p\u00e9riode de stockage pr\u00e9d\u00e9finie ou jusqu&rsquo;\u00e0 ce que vous demandiez la suppression des donn\u00e9es. Certaines p\u00e9riodes de conservation l\u00e9gales obligatoires peuvent s&rsquo;appliquer nonobstant ce qui pr\u00e9c\u00e8de.<\/p><p>CookieFirst est utilis\u00e9 pour obtenir le consentement l\u00e9galement requis pour l&rsquo;utilisation de cookies. La base juridique pour cela est l&rsquo;article 6, paragraphe 1, point c), du r\u00e8glement g\u00e9n\u00e9ral sur la protection des donn\u00e9es (RGPD).<\/p><h5>\u00a0<\/h5><h5><strong>Accord de traitement des donn\u00e9es<\/strong><\/h5><p>Nous avons conclu un accord de traitement des donn\u00e9es avec CookieFirst. Il s&rsquo;agit d&rsquo;un contrat requis par la loi sur la protection des donn\u00e9es, qui garantit que les donn\u00e9es des visiteurs de notre site Web ne sont trait\u00e9es que conform\u00e9ment \u00e0 nos instructions et dans le respect du GDPR.<\/p><h5>\u00a0<\/h5><h5><strong>Fichiers journaux du serveur<\/strong><\/h5><p>Notre site web et CookieFirst collectent et stockent automatiquement des informations dans ce qu&rsquo;on appelle des fichiers journaux de serveur, que votre navigateur nous transmet automatiquement. Les donn\u00e9es suivantes sont collect\u00e9es:\u00a0<\/p><ul><li>Votre statut de consentement ou le retrait du consentement.<\/li><li>Votre adresse IP anonyme<\/li><li>Des informations sur votre navigateur<\/li><li>Informations sur votre appareil<\/li><li>La date et l&rsquo;heure de votre visite sur notre site web<\/li><li>L&rsquo;url de la page web o\u00f9 vous avez enregistr\u00e9 ou mis \u00e0 jour vos pr\u00e9f\u00e9rences de consentement.<\/li><li>L&#8217;emplacement approximatif de l&rsquo;utilisateur qui a enregistr\u00e9 ses pr\u00e9f\u00e9rences en mati\u00e8re de consentement.<\/li><li>un identifiant unique universel (UUID) du visiteur du site web qui a cliqu\u00e9 sur la banni\u00e8re cookie.<\/li><\/ul>\t\t\t\t\t\t\t\t<\/div>\n\t\t\t\t<\/div>\n\t\t\t\t<div class=\"elementor-element elementor-element-38745c6 elementor-widget elementor-widget-heading\" data-id=\"38745c6\" data-element_type=\"widget\" data-e-type=\"widget\" data-widget_type=\"heading.default\">\n\t\t\t\t<div class=\"elementor-widget-container\">\n\t\t\t\t\t<h2 class=\"elementor-heading-title elementor-size-default\">Responsable de la protection des renseignements personnels<\/h2>\t\t\t\t<\/div>\n\t\t\t\t<\/div>\n\t\t\t\t<div class=\"elementor-element elementor-element-1e9cce3 elementor-widget elementor-widget-text-editor\" data-id=\"1e9cce3\" data-element_type=\"widget\" data-e-type=\"widget\" data-widget_type=\"text-editor.default\">\n\t\t\t\t<div class=\"elementor-widget-container\">\n\t\t\t\t\t\t\t\t\t<p>Vous pouvez communiquer avec Samuel Poliquin \u00e0 <strong><a href=\"mailto:info@samuelalexis.com\">info@samuelalexis.com<\/a><\/strong> pour toute question ou demande en ligne avec la protection de vos renseignements personnels.<\/p>\t\t\t\t\t\t\t\t<\/div>\n\t\t\t\t<\/div>\n\t\t\t\t\t<\/div>\n\t\t<\/div>\n\t\t\t\t\t<\/div>\n\t\t<\/section>\n\t\t\t\t<\/div>","protected":false},"excerpt":{"rendered":"<p>Consentement \u00e0 l&rsquo;utilisation de cookies Pour le bon fonctionnement de notre site Web, nous utilisons cookies. Afin d&rsquo;obtenir votre consentement valide pour l&rsquo;utilisation et le stockage de cookies dans le navigateur que vous utilisez pour acc\u00e9der \u00e0 notre site Web et pour documenter correctement ceci, nous utilisons une plateforme de gestion des consentements : CookieFirst. [&hellip;]<\/p>\n","protected":false},"author":1,"featured_media":0,"parent":0,"menu_order":0,"comment_status":"closed","ping_status":"closed","template":"elementor_header_footer","meta":{"footnotes":""},"class_list":["post-3763","page","type-page","status-publish","hentry"],"_links":{"self":[{"href":"https:\/\/samuelalexis.com\/en\/wp-json\/wp\/v2\/pages\/3763","targetHints":{"allow":["GET"]}}],"collection":[{"href":"https:\/\/samuelalexis.com\/en\/wp-json\/wp\/v2\/pages"}],"about":[{"href":"https:\/\/samuelalexis.com\/en\/wp-json\/wp\/v2\/types\/page"}],"author":[{"embeddable":true,"href":"https:\/\/samuelalexis.com\/en\/wp-json\/wp\/v2\/users\/1"}],"replies":[{"embeddable":true,"href":"https:\/\/samuelalexis.com\/en\/wp-json\/wp\/v2\/comments?post=3763"}],"version-history":[{"count":5,"href":"https:\/\/samuelalexis.com\/en\/wp-json\/wp\/v2\/pages\/3763\/revisions"}],"predecessor-version":[{"id":3771,"href":"https:\/\/samuelalexis.com\/en\/wp-json\/wp\/v2\/pages\/3763\/revisions\/3771"}],"wp:attachment":[{"href":"https:\/\/samuelalexis.com\/en\/wp-json\/wp\/v2\/media?parent=3763"}],"curies":[{"name":"wp","href":"https:\/\/api.w.org\/{rel}","templated":true}]}}