{"id":4171,"date":"2024-06-29T13:24:09","date_gmt":"2024-06-29T17:24:09","guid":{"rendered":"https:\/\/samuelalexis.com\/?page_id=4171"},"modified":"2025-04-10T16:45:27","modified_gmt":"2025-04-10T20:45:27","slug":"accueil","status":"publish","type":"page","link":"https:\/\/samuelalexis.com\/en\/accueil\/","title":{"rendered":"Home"},"content":{"rendered":"\t\t<div data-elementor-type=\"wp-page\" data-elementor-id=\"4171\" class=\"elementor elementor-4171\" data-elementor-post-type=\"page\">\n\t\t\t\t<div class=\"elementor-element elementor-element-0fd7193 e-flex e-con-boxed e-con e-parent\" data-id=\"0fd7193\" data-element_type=\"container\" data-e-type=\"container\" data-settings=\"{&quot;background_background&quot;:&quot;classic&quot;}\">\n\t\t\t\t\t<div class=\"e-con-inner\">\n\t\t\t\t<div class=\"elementor-element elementor-element-7aa08d5 elementor-widget__width-initial elementor-widget elementor-widget-image\" data-id=\"7aa08d5\" data-element_type=\"widget\" data-e-type=\"widget\" data-widget_type=\"image.default\">\n\t\t\t\t<div class=\"elementor-widget-container\">\n\t\t\t\t\t\t\t\t\t\t\t\t\t\t\t<img fetchpriority=\"high\" decoding=\"async\" width=\"10912\" height=\"4973\" src=\"https:\/\/samuelalexis.com\/wp-content\/uploads\/2023\/03\/sacom-21.png\" class=\"attachment-full size-full wp-image-3301\" alt=\"\" srcset=\"https:\/\/samuelalexis.com\/wp-content\/uploads\/2023\/03\/sacom-21.png 10912w, https:\/\/samuelalexis.com\/wp-content\/uploads\/2023\/03\/sacom-21-300x137.png 300w, https:\/\/samuelalexis.com\/wp-content\/uploads\/2023\/03\/sacom-21-1024x467.png 1024w, https:\/\/samuelalexis.com\/wp-content\/uploads\/2023\/03\/sacom-21-768x350.png 768w, https:\/\/samuelalexis.com\/wp-content\/uploads\/2023\/03\/sacom-21-1536x700.png 1536w, https:\/\/samuelalexis.com\/wp-content\/uploads\/2023\/03\/sacom-21-2048x933.png 2048w, https:\/\/samuelalexis.com\/wp-content\/uploads\/2023\/03\/sacom-21-18x8.png 18w, https:\/\/samuelalexis.com\/wp-content\/uploads\/2023\/03\/sacom-21-600x273.png 600w\" sizes=\"(max-width: 10912px) 100vw, 10912px\" \/>\t\t\t\t\t\t\t\t\t\t\t\t\t\t\t<\/div>\n\t\t\t\t<\/div>\n\t\t\t\t<div class=\"elementor-element elementor-element-1b3d7a9 elementor-headline--style-rotate elementor-widget elementor-widget-animated-headline\" data-id=\"1b3d7a9\" data-element_type=\"widget\" data-e-type=\"widget\" data-settings=\"{&quot;headline_style&quot;:&quot;rotate&quot;,&quot;animation_type&quot;:&quot;slide-down&quot;,&quot;rotating_text&quot;:&quot;cr\\u00e9atifs\\ninclusifs\\nvrais&quot;,&quot;rotate_iteration_delay&quot;:2600,&quot;loop&quot;:&quot;yes&quot;}\" data-widget_type=\"animated-headline.default\">\n\t\t\t\t<div class=\"elementor-widget-container\">\n\t\t\t\t\t\t\t<h3 class=\"elementor-headline elementor-headline-animation-type-slide-down\">\n\t\t\t\t\t<span class=\"elementor-headline-plain-text elementor-headline-text-wrapper\">Des projets<\/span>\n\t\t\t\t<span class=\"elementor-headline-dynamic-wrapper elementor-headline-text-wrapper\">\n\t\t\t\t\t<span class=\"elementor-headline-dynamic-text elementor-headline-text-active\">\n\t\t\t\tcr\u00e9atifs\t\t\t<\/span>\n\t\t\t\t\t<span class=\"elementor-headline-dynamic-text\">\n\t\t\t\tinclusifs\t\t\t<\/span>\n\t\t\t\t\t<span class=\"elementor-headline-dynamic-text\">\n\t\t\t\tvrais\t\t\t<\/span>\n\t\t\t\t\t\t<\/span>\n\t\t\t\t<\/h3>\n\t\t\t\t\t\t<\/div>\n\t\t\t\t<\/div>\n\t\t\t\t<div class=\"elementor-element elementor-element-19cf144 elementor-widget elementor-widget-text-editor\" data-id=\"19cf144\" data-element_type=\"widget\" data-e-type=\"widget\" data-widget_type=\"text-editor.default\">\n\t\t\t\t<div class=\"elementor-widget-container\">\n\t\t\t\t\t\t\t\t\t<p>Mon site se refait actuellement une beaut\u00e9!\u00a0<\/p>\t\t\t\t\t\t\t\t<\/div>\n\t\t\t\t<\/div>\n\t\t\t\t<div class=\"elementor-element elementor-element-507d2a0 elementor-widget elementor-widget-text-editor\" data-id=\"507d2a0\" data-element_type=\"widget\" data-e-type=\"widget\" data-widget_type=\"text-editor.default\">\n\t\t\t\t<div class=\"elementor-widget-container\">\n\t\t\t\t\t\t\t\t\t<p>En attendant, je t&rsquo;invite \u00e0 me suivre sur mes r\u00e9seaux sociaux pour voir mes projets r\u00e9cents.\u00a0<\/p>\t\t\t\t\t\t\t\t<\/div>\n\t\t\t\t<\/div>\n\t\t\t\t<div class=\"elementor-element elementor-element-f6fa0f2 elementor-shape-circle e-grid-align-mobile-center elementor-widget__width-inherit elementor-widget-mobile__width-inherit elementor-grid-0 e-grid-align-center elementor-widget elementor-widget-social-icons\" data-id=\"f6fa0f2\" data-element_type=\"widget\" data-e-type=\"widget\" data-widget_type=\"social-icons.default\">\n\t\t\t\t<div class=\"elementor-widget-container\">\n\t\t\t\t\t\t\t<div class=\"elementor-social-icons-wrapper elementor-grid\" role=\"list\">\n\t\t\t\t\t\t\t<span class=\"elementor-grid-item\" role=\"listitem\">\n\t\t\t\t\t<a class=\"elementor-icon elementor-social-icon elementor-social-icon-instagram elementor-repeater-item-d057be1\" href=\"https:\/\/www.instagram.com\/samuelalexiscomm\/\" target=\"_blank\">\n\t\t\t\t\t\t<span class=\"elementor-screen-only\">Instagram<\/span>\n\t\t\t\t\t\t<i aria-hidden=\"true\" class=\"fab fa-instagram\"><\/i>\t\t\t\t\t<\/a>\n\t\t\t\t<\/span>\n\t\t\t\t\t\t\t<span class=\"elementor-grid-item\" role=\"listitem\">\n\t\t\t\t\t<a class=\"elementor-icon elementor-social-icon elementor-social-icon-facebook elementor-repeater-item-4935856\" href=\"https:\/\/www.facebook.com\/samuelalexiscomm\" target=\"_blank\">\n\t\t\t\t\t\t<span class=\"elementor-screen-only\">Facebook<\/span>\n\t\t\t\t\t\t<i aria-hidden=\"true\" class=\"fab fa-facebook\"><\/i>\t\t\t\t\t<\/a>\n\t\t\t\t<\/span>\n\t\t\t\t\t\t\t<span class=\"elementor-grid-item\" role=\"listitem\">\n\t\t\t\t\t<a class=\"elementor-icon elementor-social-icon elementor-social-icon-envelope elementor-repeater-item-cdae7ca\" href=\"mailto:info@samuelalexis.com\" target=\"_blank\">\n\t\t\t\t\t\t<span class=\"elementor-screen-only\">Envelope<\/span>\n\t\t\t\t\t\t<i aria-hidden=\"true\" class=\"fas fa-envelope\"><\/i>\t\t\t\t\t<\/a>\n\t\t\t\t<\/span>\n\t\t\t\t\t<\/div>\n\t\t\t\t\t\t<\/div>\n\t\t\t\t<\/div>\n\t\t\t\t\t<\/div>\n\t\t\t\t<\/div>\n\t\t<div class=\"elementor-element elementor-element-f3bf0af e-flex e-con-boxed e-con e-parent\" data-id=\"f3bf0af\" data-element_type=\"container\" data-e-type=\"container\" data-settings=\"{&quot;background_background&quot;:&quot;classic&quot;,&quot;background_motion_fx_motion_fx_scrolling&quot;:&quot;yes&quot;,&quot;background_motion_fx_translateY_effect&quot;:&quot;yes&quot;,&quot;background_motion_fx_translateY_direction&quot;:&quot;negative&quot;,&quot;shape_divider_top&quot;:&quot;tilt&quot;,&quot;background_motion_fx_translateY_affectedRange&quot;:{&quot;unit&quot;:&quot;%&quot;,&quot;size&quot;:&quot;&quot;,&quot;sizes&quot;:{&quot;start&quot;:0,&quot;end&quot;:85}},&quot;background_motion_fx_translateY_speed&quot;:{&quot;unit&quot;:&quot;px&quot;,&quot;size&quot;:4,&quot;sizes&quot;:[]},&quot;background_motion_fx_devices&quot;:[&quot;desktop&quot;,&quot;tablet&quot;,&quot;mobile&quot;]}\">\n\t\t\t\t\t<div class=\"e-con-inner\">\n\t\t\t\t<div class=\"elementor-shape elementor-shape-top\" aria-hidden=\"true\" data-negative=\"false\">\n\t\t\t<svg xmlns=\"http:\/\/www.w3.org\/2000\/svg\" viewBox=\"0 0 1000 100\" preserveAspectRatio=\"none\">\n\t<path class=\"elementor-shape-fill\" d=\"M0,6V0h1000v100L0,6z\"\/>\n<\/svg>\t\t<\/div>\n\t\t<div class=\"elementor-element elementor-element-f4c8b3d e-flex e-con-boxed e-con e-child\" data-id=\"f4c8b3d\" data-element_type=\"container\" data-e-type=\"container\">\n\t\t\t\t\t<div class=\"e-con-inner\">\n\t\t\t\t<div class=\"elementor-element elementor-element-271c81f elementor-widget__width-initial elementor-invisible elementor-widget elementor-widget-heading\" data-id=\"271c81f\" data-element_type=\"widget\" data-e-type=\"widget\" data-settings=\"{&quot;_animation&quot;:&quot;fadeInRight&quot;}\" data-widget_type=\"heading.default\">\n\t\t\t\t<div class=\"elementor-widget-container\">\n\t\t\t\t\t<h2 class=\"elementor-heading-title elementor-size-default\">Graphiste de coeur<\/h2>\t\t\t\t<\/div>\n\t\t\t\t<\/div>\n\t\t\t\t<div class=\"elementor-element elementor-element-02daec4 elementor-widget__width-initial elementor-widget elementor-widget-text-editor\" data-id=\"02daec4\" data-element_type=\"widget\" data-e-type=\"widget\" data-settings=\"{&quot;_animation&quot;:&quot;none&quot;}\" data-widget_type=\"text-editor.default\">\n\t\t\t\t<div class=\"elementor-widget-container\">\n\t\t\t\t\t\t\t\t\t<p>Depuis l\u2019adolescence et maintenant dans mon m\u00e9tier, j\u2019ai toujours voulu m\u2019impliquer, \u00e0 ma fa\u00e7on, aupr\u00e8s des communaut\u00e9s marginalis\u00e9es.<\/p><p>Pour moi, c\u2019est essentiel de donner la place \u00e0 des projets qui ont un impact social, qui sensibilisent et qui aident ceux et celles <em>trop souvent<\/em> laiss\u00e9\u00b7es dans l\u2019ombre!<\/p>\t\t\t\t\t\t\t\t<\/div>\n\t\t\t\t<\/div>\n\t\t\t\t\t<\/div>\n\t\t\t\t<\/div>\n\t\t\t\t\t<\/div>\n\t\t\t\t<\/div>\n\t\t\t\t<\/div>\n\t\t","protected":false},"excerpt":{"rendered":"<p>Des projets cr\u00e9atifs inclusifs vrais Mon site se refait actuellement une beaut\u00e9!\u00a0 En attendant, je t&rsquo;invite \u00e0 me suivre sur mes r\u00e9seaux sociaux pour voir mes projets r\u00e9cents.\u00a0 Instagram Facebook Envelope Graphiste de coeur Depuis l\u2019adolescence et maintenant dans mon m\u00e9tier, j\u2019ai toujours voulu m\u2019impliquer, \u00e0 ma fa\u00e7on, aupr\u00e8s des communaut\u00e9s marginalis\u00e9es. Pour moi, c\u2019est [&hellip;]<\/p>\n","protected":false},"author":1,"featured_media":0,"parent":0,"menu_order":0,"comment_status":"closed","ping_status":"closed","template":"elementor_header_footer","meta":{"footnotes":""},"class_list":["post-4171","page","type-page","status-publish","hentry"],"_links":{"self":[{"href":"https:\/\/samuelalexis.com\/en\/wp-json\/wp\/v2\/pages\/4171","targetHints":{"allow":["GET"]}}],"collection":[{"href":"https:\/\/samuelalexis.com\/en\/wp-json\/wp\/v2\/pages"}],"about":[{"href":"https:\/\/samuelalexis.com\/en\/wp-json\/wp\/v2\/types\/page"}],"author":[{"embeddable":true,"href":"https:\/\/samuelalexis.com\/en\/wp-json\/wp\/v2\/users\/1"}],"replies":[{"embeddable":true,"href":"https:\/\/samuelalexis.com\/en\/wp-json\/wp\/v2\/comments?post=4171"}],"version-history":[{"count":5,"href":"https:\/\/samuelalexis.com\/en\/wp-json\/wp\/v2\/pages\/4171\/revisions"}],"predecessor-version":[{"id":5114,"href":"https:\/\/samuelalexis.com\/en\/wp-json\/wp\/v2\/pages\/4171\/revisions\/5114"}],"wp:attachment":[{"href":"https:\/\/samuelalexis.com\/en\/wp-json\/wp\/v2\/media?parent=4171"}],"curies":[{"name":"wp","href":"https:\/\/api.w.org\/{rel}","templated":true}]}}