{"id":4553,"date":"2025-04-01T15:40:01","date_gmt":"2025-04-01T19:40:01","guid":{"rendered":"https:\/\/samuelalexis.com\/?page_id=4553"},"modified":"2025-07-08T15:33:25","modified_gmt":"2025-07-08T19:33:25","slug":"accueil-new","status":"publish","type":"page","link":"https:\/\/samuelalexis.com\/en\/","title":{"rendered":"Accueil-new"},"content":{"rendered":"<div data-elementor-type=\"wp-page\" data-elementor-id=\"4553\" class=\"elementor elementor-4553\" data-elementor-post-type=\"page\">\n\t\t\t\t<div class=\"elementor-element elementor-element-aec7252 e-con-full e-flex e-con e-parent\" data-id=\"aec7252\" data-element_type=\"container\" data-e-type=\"container\" data-settings=\"{&quot;background_background&quot;:&quot;classic&quot;}\">\n\t\t\t\t<div class=\"elementor-element elementor-element-4cec4cd elementor-widget elementor-widget-html\" data-id=\"4cec4cd\" data-element_type=\"widget\" data-e-type=\"widget\" data-widget_type=\"html.default\">\n\t\t\t\t<div class=\"elementor-widget-container\">\n\t\t\t\t\t<div class=\"outer\">\n    <!-- This div is important! It lets us specify margin-left later on. -->\n    <div>\n        <div class=\"loop\"><div class=\"content\"> inclusion \u2733 cr\u00e9ativit\u00e9 \u2733 flexibilit\u00e9 \u2733 \u00e9coute \u2733 organisation \u2733 authenticit\u00e9 \u2733<\/div><\/div>\n    <\/div>\n<\/div>\n\n<script>\ndocument.querySelectorAll('.outer').forEach(el => {\n\tlet content = el.querySelector('.content');\n\n\trepeatContent(content, el.offsetWidth);\n\n\tlet slider = el.querySelector('.loop');\n\tslider.innerHTML = slider.innerHTML + slider.innerHTML;\n});\n\n    \nfunction repeatContent(el, till) {\n    let html = el.innerHTML;\n    let counter = 0; \/\/ prevents infinite loop\n    \n    while (el.offsetWidth < till && counter < 100) {\n        el.innerHTML += html;\n        counter += 1;\n    }\n}\n<\/script>\n\t\t\t\t<\/div>\n\t\t\t\t<\/div>\n\t\t\t\t<div class=\"elementor-element elementor-element-c9382ca elementor-widget elementor-widget-html\" data-id=\"c9382ca\" data-element_type=\"widget\" data-e-type=\"widget\" data-widget_type=\"html.default\">\n\t\t\t\t<div class=\"elementor-widget-container\">\n\t\t\t\t\t<div class=\"outer2\">\n    <!-- This div is important! It lets us specify margin-left later on. -->\n    <div>\n        <div class=\"loop2\"><div class=\"content2\"> identit\u00e9 visuelle \u2733 mise en page \u2733 site web \u2733 illustration \u2733<\/div><\/div>\n    <\/div>\n<\/div>\n\n<script>\ndocument.querySelectorAll('.outer2').forEach(el => {\n\tlet content = el.querySelector('.content2');\n\n\trepeatContent(content, el.offsetWidth);\n\n\tlet slider = el.querySelector('.loop2');\n\tslider.innerHTML = slider.innerHTML + slider.innerHTML;\n});\n\n    \nfunction repeatContent(el, till) {\n    let html = el.innerHTML;\n    let counter = 0; \/\/ prevents infinite loop\n    \n    while (el.offsetWidth < till && counter < 100) {\n        el.innerHTML += html;\n        counter += 1;\n    }\n}\n<\/script>\n\t\t\t\t<\/div>\n\t\t\t\t<\/div>\n\t\t\t\t<\/div>\n\t\t<div class=\"elementor-element elementor-element-08ca3af e-flex e-con-boxed e-con e-parent\" data-id=\"08ca3af\" data-element_type=\"container\" data-e-type=\"container\">\n\t\t\t\t\t<div class=\"e-con-inner\">\n\t\t\t\t<div class=\"elementor-element elementor-element-f7601d8 elementor-widget elementor-widget-image\" data-id=\"f7601d8\" data-element_type=\"widget\" data-e-type=\"widget\" data-widget_type=\"image.default\">\n\t\t\t\t<div class=\"elementor-widget-container\">\n\t\t\t\t\t\t\t\t\t\t\t\t\t\t\t<img fetchpriority=\"high\" decoding=\"async\" width=\"949\" height=\"1414\" src=\"https:\/\/samuelalexis.com\/wp-content\/uploads\/2025\/04\/portrait3.png\" class=\"attachment-full size-full wp-image-4790\" alt=\"\" srcset=\"https:\/\/samuelalexis.com\/wp-content\/uploads\/2025\/04\/portrait3.png 949w, https:\/\/samuelalexis.com\/wp-content\/uploads\/2025\/04\/portrait3-201x300.png 201w, https:\/\/samuelalexis.com\/wp-content\/uploads\/2025\/04\/portrait3-687x1024.png 687w, https:\/\/samuelalexis.com\/wp-content\/uploads\/2025\/04\/portrait3-768x1144.png 768w, https:\/\/samuelalexis.com\/wp-content\/uploads\/2025\/04\/portrait3-8x12.png 8w\" sizes=\"(max-width: 949px) 100vw, 949px\" \/>\t\t\t\t\t\t\t\t\t\t\t\t\t\t\t<\/div>\n\t\t\t\t<\/div>\n\t\t\t\t\t<\/div>\n\t\t\t\t<\/div>\n\t\t<div class=\"elementor-element elementor-element-7eb7130 e-flex e-con-boxed e-con e-parent\" data-id=\"7eb7130\" data-element_type=\"container\" data-e-type=\"container\" data-settings=\"{&quot;background_background&quot;:&quot;classic&quot;}\">\n\t\t\t\t\t<div class=\"e-con-inner\">\n\t\t<div class=\"elementor-element elementor-element-bc62771 e-con-full e-flex e-con e-child\" data-id=\"bc62771\" data-element_type=\"container\" data-e-type=\"container\" data-settings=\"{&quot;background_background&quot;:&quot;classic&quot;}\">\n\t\t\t\t<div class=\"elementor-element elementor-element-3251036 elementor-view-default elementor-widget elementor-widget-icon\" data-id=\"3251036\" data-element_type=\"widget\" data-e-type=\"widget\" data-widget_type=\"icon.default\">\n\t\t\t\t<div class=\"elementor-widget-container\">\n\t\t\t\t\t\t\t<div class=\"elementor-icon-wrapper\">\n\t\t\t<a class=\"elementor-icon elementor-animation-skew-forward\" href=\"#\">\n\t\t\t\t\t\t<\/a>\n\t\t<\/div>\n\t\t\t\t\t\t<\/div>\n\t\t\t\t<\/div>\n\t\t\t\t<div class=\"elementor-element elementor-element-4b5d5e5 elementor-invisible elementor-widget elementor-widget-heading\" data-id=\"4b5d5e5\" data-element_type=\"widget\" data-e-type=\"widget\" data-settings=\"{&quot;_animation&quot;:&quot;fadeIn&quot;}\" data-widget_type=\"heading.default\">\n\t\t\t\t<div class=\"elementor-widget-container\">\n\t\t\t\t\t<h2 class=\"elementor-heading-title elementor-size-default\">Graphiste de coeur<\/h2>\t\t\t\t<\/div>\n\t\t\t\t<\/div>\n\t\t\t\t<div class=\"elementor-element elementor-element-1eb1ca9 elementor-widget__width-initial elementor-invisible elementor-widget elementor-widget-text-editor\" data-id=\"1eb1ca9\" data-element_type=\"widget\" data-e-type=\"widget\" data-settings=\"{&quot;_animation&quot;:&quot;fadeIn&quot;}\" data-widget_type=\"text-editor.default\">\n\t\t\t\t<div class=\"elementor-widget-container\">\n\t\t\t\t\t\t\t\t\t<p>Depuis l\u2019adolescence et maintenant dans mon m\u00e9tier, j\u2019ai toujours voulu m\u2019impliquer, \u00e0 ma fa\u00e7on, aupr\u00e8s des communaut\u00e9s marginalis\u00e9es.<\/p><p>Pour moi, c\u2019est essentiel de donner valoriser des projets qui ont un impact social, qui sensibilisent et qui aident ceux et celles <em>trop souvent<\/em>\u00a0laiss\u00e9\u00b7es dans l\u2019ombre!<\/p>\t\t\t\t\t\t\t\t<\/div>\n\t\t\t\t<\/div>\n\t\t\t\t<\/div>\n\t\t<div class=\"elementor-element elementor-element-1bb4a84 e-con-full e-flex e-con e-child\" data-id=\"1bb4a84\" data-element_type=\"container\" data-e-type=\"container\" data-settings=\"{&quot;background_background&quot;:&quot;classic&quot;}\">\n\t\t\t\t<\/div>\n\t\t\t\t\t<\/div>\n\t\t\t\t<\/div>\n\t\t<div class=\"elementor-element elementor-element-9fd9e24 e-flex e-con-boxed elementor-invisible e-con e-parent\" data-id=\"9fd9e24\" data-element_type=\"container\" data-e-type=\"container\" data-settings=\"{&quot;animation&quot;:&quot;fadeIn&quot;}\">\n\t\t\t\t\t<div class=\"e-con-inner\">\n\t\t\t\t<div class=\"elementor-element elementor-element-137af05 elementor-widget__width-initial elementor-hidden-mobile elementor-headline--style-highlight elementor-widget elementor-widget-animated-headline\" data-id=\"137af05\" data-element_type=\"widget\" data-e-type=\"widget\" data-settings=\"{&quot;marker&quot;:&quot;diagonal&quot;,&quot;highlighted_text&quot;:&quot; Ensemble,&quot;,&quot;headline_style&quot;:&quot;highlight&quot;,&quot;loop&quot;:&quot;yes&quot;,&quot;highlight_animation_duration&quot;:1200,&quot;highlight_iteration_delay&quot;:8000}\" data-widget_type=\"animated-headline.default\">\n\t\t\t\t<div class=\"elementor-widget-container\">\n\t\t\t\t\t\t\t<h3 class=\"elementor-headline\">\n\t\t\t\t\t<span class=\"elementor-headline-plain-text elementor-headline-text-wrapper\">Seul\u00b7e, on va plus vite.<\/span>\n\t\t\t\t<span class=\"elementor-headline-dynamic-wrapper elementor-headline-text-wrapper\">\n\t\t\t\t\t<span class=\"elementor-headline-dynamic-text elementor-headline-text-active\"> Ensemble,<\/span>\n\t\t\t\t<\/span>\n\t\t\t\t\t<span class=\"elementor-headline-plain-text elementor-headline-text-wrapper\">nous irons plus loin. <\/span>\n\t\t\t\t\t<\/h3>\n\t\t\t\t\t\t<\/div>\n\t\t\t\t<\/div>\n\t\t\t\t<div class=\"elementor-element elementor-element-fd716be elementor-widget elementor-widget-heading\" data-id=\"fd716be\" data-element_type=\"widget\" data-e-type=\"widget\" data-widget_type=\"heading.default\">\n\t\t\t\t<div class=\"elementor-widget-container\">\n\t\t\t\t\t<h2 class=\"elementor-heading-title elementor-size-default\">mes services<\/h2>\t\t\t\t<\/div>\n\t\t\t\t<\/div>\n\t\t<div class=\"elementor-element elementor-element-c0a22ce e-con-full e-flex e-con e-child\" data-id=\"c0a22ce\" data-element_type=\"container\" data-e-type=\"container\">\n\t\t\t\t<div class=\"elementor-element elementor-element-2ec4ce7 elementor-widget elementor-widget-button\" data-id=\"2ec4ce7\" data-element_type=\"widget\" data-e-type=\"widget\" data-widget_type=\"button.default\">\n\t\t\t\t<div class=\"elementor-widget-container\">\n\t\t\t\t\t\t\t\t\t<div class=\"elementor-button-wrapper\">\n\t\t\t\t\t<a class=\"elementor-button elementor-button-link elementor-size-sm elementor-animation-rotate\" href=\"https:\/\/samuelalexis.com\/en\/services\/#miseenpage\">\n\t\t\t\t\t\t<span class=\"elementor-button-content-wrapper\">\n\t\t\t\t\t\t\t\t\t<span class=\"elementor-button-text\">Document design<\/span>\n\t\t\t\t\t<\/span>\n\t\t\t\t\t<\/a>\n\t\t\t\t<\/div>\n\t\t\t\t\t\t\t\t<\/div>\n\t\t\t\t<\/div>\n\t\t\t\t<div class=\"elementor-element elementor-element-82ffccf elementor-widget elementor-widget-button\" data-id=\"82ffccf\" data-element_type=\"widget\" data-e-type=\"widget\" data-widget_type=\"button.default\">\n\t\t\t\t<div class=\"elementor-widget-container\">\n\t\t\t\t\t\t\t\t\t<div class=\"elementor-button-wrapper\">\n\t\t\t\t\t<a class=\"elementor-button elementor-button-link elementor-size-sm elementor-animation-rotate\" href=\"https:\/\/samuelalexis.com\/en\/services\/#siteweb\">\n\t\t\t\t\t\t<span class=\"elementor-button-content-wrapper\">\n\t\t\t\t\t\t\t\t\t<span class=\"elementor-button-text\">site web<\/span>\n\t\t\t\t\t<\/span>\n\t\t\t\t\t<\/a>\n\t\t\t\t<\/div>\n\t\t\t\t\t\t\t\t<\/div>\n\t\t\t\t<\/div>\n\t\t\t\t<div class=\"elementor-element elementor-element-bacb2d0 elementor-widget elementor-widget-button\" data-id=\"bacb2d0\" data-element_type=\"widget\" data-e-type=\"widget\" data-widget_type=\"button.default\">\n\t\t\t\t<div class=\"elementor-widget-container\">\n\t\t\t\t\t\t\t\t\t<div class=\"elementor-button-wrapper\">\n\t\t\t\t\t<a class=\"elementor-button elementor-button-link elementor-size-sm elementor-animation-rotate\" href=\"https:\/\/samuelalexis.com\/en\/services\/#branding\">\n\t\t\t\t\t\t<span class=\"elementor-button-content-wrapper\">\n\t\t\t\t\t\t\t\t\t<span class=\"elementor-button-text\">identit\u00e9 visuelle<\/span>\n\t\t\t\t\t<\/span>\n\t\t\t\t\t<\/a>\n\t\t\t\t<\/div>\n\t\t\t\t\t\t\t\t<\/div>\n\t\t\t\t<\/div>\n\t\t\t\t<div class=\"elementor-element elementor-element-b0c7cb8 elementor-widget elementor-widget-button\" data-id=\"b0c7cb8\" data-element_type=\"widget\" data-e-type=\"widget\" data-widget_type=\"button.default\">\n\t\t\t\t<div class=\"elementor-widget-container\">\n\t\t\t\t\t\t\t\t\t<div class=\"elementor-button-wrapper\">\n\t\t\t\t\t<a class=\"elementor-button elementor-button-link elementor-size-sm elementor-animation-rotate\" href=\"https:\/\/samuelalexis.com\/en\/services\/#illustration\">\n\t\t\t\t\t\t<span class=\"elementor-button-content-wrapper\">\n\t\t\t\t\t\t\t\t\t<span class=\"elementor-button-text\">illustration<\/span>\n\t\t\t\t\t<\/span>\n\t\t\t\t\t<\/a>\n\t\t\t\t<\/div>\n\t\t\t\t\t\t\t\t<\/div>\n\t\t\t\t<\/div>\n\t\t\t\t<\/div>\n\t\t\t\t\t<\/div>\n\t\t\t\t<\/div>\n\t\t<div class=\"elementor-element elementor-element-265844b6 e-flex e-con-boxed elementor-invisible e-con e-parent\" data-id=\"265844b6\" data-element_type=\"container\" data-e-type=\"container\" data-settings=\"{&quot;background_background&quot;:&quot;classic&quot;,&quot;animation&quot;:&quot;fadeIn&quot;}\">\n\t\t\t\t\t<div class=\"e-con-inner\">\n\t\t<div class=\"elementor-element elementor-element-ca6fd03 e-con-full e-flex e-con e-child\" data-id=\"ca6fd03\" data-element_type=\"container\" data-e-type=\"container\">\n\t\t\t\t<div class=\"elementor-element elementor-element-15cb742d elementor-widget elementor-widget-heading\" data-id=\"15cb742d\" data-element_type=\"widget\" data-e-type=\"widget\" data-widget_type=\"heading.default\">\n\t\t\t\t<div class=\"elementor-widget-container\">\n\t\t\t\t\t<h2 class=\"elementor-heading-title elementor-size-default\">Quelques collaborations r\u00e9centes<\/h2>\t\t\t\t<\/div>\n\t\t\t\t<\/div>\n\t\t\t\t<div class=\"elementor-element elementor-element-3994391e elementor-widget elementor-widget-text-editor\" data-id=\"3994391e\" data-element_type=\"widget\" data-e-type=\"widget\" data-widget_type=\"text-editor.default\">\n\t\t\t\t<div class=\"elementor-widget-container\">\n\t\t\t\t\t\t\t\t\t<p class=\"p1\"><strong>Depuis 2017, j&rsquo;ai collabor\u00e9 avec des tonnes d&rsquo;humains inspirants et cr\u00e9atifs!<\/strong><\/p><p class=\"p1\">Je suis fier d&rsquo;avoir cr\u00e9\u00e9 des liens uniques avec une client\u00e8le principalement compos\u00e9e d&rsquo;OBNL, d&rsquo;artistes et d&rsquo;entrepreneur\u00b7es des milieux LGBTQ+, jeunesse et familiaux, mouvements sociaux et \u00e9ducatifs.<\/p>\t\t\t\t\t\t\t\t<\/div>\n\t\t\t\t<\/div>\n\t\t\t\t<div class=\"elementor-element elementor-element-4971e358 elementor-arrows-position-inside elementor-widget elementor-widget-image-carousel\" data-id=\"4971e358\" data-element_type=\"widget\" data-e-type=\"widget\" data-settings=\"{&quot;slides_to_show&quot;:&quot;6&quot;,&quot;navigation&quot;:&quot;arrows&quot;,&quot;image_spacing_custom&quot;:{&quot;unit&quot;:&quot;px&quot;,&quot;size&quot;:60,&quot;sizes&quot;:[]},&quot;slides_to_show_tablet&quot;:&quot;4&quot;,&quot;slides_to_show_mobile&quot;:&quot;3&quot;,&quot;image_spacing_custom_mobile&quot;:{&quot;unit&quot;:&quot;px&quot;,&quot;size&quot;:15,&quot;sizes&quot;:[]},&quot;autoplay_speed&quot;:10,&quot;speed&quot;:5000,&quot;lazyload&quot;:&quot;yes&quot;,&quot;autoplay&quot;:&quot;yes&quot;,&quot;pause_on_hover&quot;:&quot;yes&quot;,&quot;pause_on_interaction&quot;:&quot;yes&quot;,&quot;infinite&quot;:&quot;yes&quot;,&quot;image_spacing_custom_tablet&quot;:{&quot;unit&quot;:&quot;px&quot;,&quot;size&quot;:&quot;&quot;,&quot;sizes&quot;:[]}}\" data-widget_type=\"image-carousel.default\">\n\t\t\t\t<div class=\"elementor-widget-container\">\n\t\t\t\t\t\t\t<div class=\"elementor-image-carousel-wrapper swiper\" role=\"region\" aria-roledescription=\"carousel\" aria-label=\"Image Carousel\" dir=\"ltr\">\n\t\t\t<div class=\"elementor-image-carousel swiper-wrapper\" aria-live=\"off\">\n\t\t\t\t\t\t\t\t<div class=\"swiper-slide\" role=\"group\" aria-roledescription=\"slide\" aria-label=\"1 sur 13\"><figure class=\"swiper-slide-inner\"><img class=\"swiper-slide-image swiper-lazy\" data-src=\"https:\/\/samuelalexis.com\/wp-content\/uploads\/2025\/04\/logo-rapsim-50e-carrenoir.png\" alt=\"\" \/><div class=\"swiper-lazy-preloader\"><\/div><\/figure><\/div><div class=\"swiper-slide\" role=\"group\" aria-roledescription=\"slide\" aria-label=\"2 sur 13\"><figure class=\"swiper-slide-inner\"><img class=\"swiper-slide-image swiper-lazy\" data-src=\"https:\/\/samuelalexis.com\/wp-content\/uploads\/2025\/04\/logocab-03-e1743605848767.png\" alt=\"logocab-03\" \/><div class=\"swiper-lazy-preloader\"><\/div><\/figure><\/div><div class=\"swiper-slide\" role=\"group\" aria-roledescription=\"slide\" aria-label=\"3 sur 13\"><figure class=\"swiper-slide-inner\"><img class=\"swiper-slide-image swiper-lazy\" data-src=\"https:\/\/samuelalexis.com\/wp-content\/uploads\/2025\/04\/Logo-REZO-Vert.png\" alt=\"Logo-REZO-Vert\" \/><div class=\"swiper-lazy-preloader\"><\/div><\/figure><\/div><div class=\"swiper-slide\" role=\"group\" aria-roledescription=\"slide\" aria-label=\"4 sur 13\"><figure class=\"swiper-slide-inner\"><img class=\"swiper-slide-image swiper-lazy\" data-src=\"https:\/\/samuelalexis.com\/wp-content\/uploads\/2025\/04\/Logo_noir.png\" alt=\"Logo_noir\" \/><div class=\"swiper-lazy-preloader\"><\/div><\/figure><\/div><div class=\"swiper-slide\" role=\"group\" aria-roledescription=\"slide\" aria-label=\"5 sur 13\"><figure class=\"swiper-slide-inner\"><img class=\"swiper-slide-image swiper-lazy\" data-src=\"https:\/\/samuelalexis.com\/wp-content\/uploads\/2025\/04\/edu.png\" alt=\"edu\" \/><div class=\"swiper-lazy-preloader\"><\/div><\/figure><\/div><div class=\"swiper-slide\" role=\"group\" aria-roledescription=\"slide\" aria-label=\"6 sur 13\"><figure class=\"swiper-slide-inner\"><img class=\"swiper-slide-image swiper-lazy\" data-src=\"https:\/\/samuelalexis.com\/wp-content\/uploads\/2025\/04\/CABA23-simple-noir.png\" alt=\"CABA23-simple-noir\" \/><div class=\"swiper-lazy-preloader\"><\/div><\/figure><\/div><div class=\"swiper-slide\" role=\"group\" aria-roledescription=\"slide\" aria-label=\"7 sur 13\"><figure class=\"swiper-slide-inner\"><img class=\"swiper-slide-image swiper-lazy\" data-src=\"https:\/\/samuelalexis.com\/wp-content\/uploads\/2025\/04\/frapru.png\" alt=\"frapru\" \/><div class=\"swiper-lazy-preloader\"><\/div><\/figure><\/div><div class=\"swiper-slide\" role=\"group\" aria-roledescription=\"slide\" aria-label=\"8 sur 13\"><figure class=\"swiper-slide-inner\"><img class=\"swiper-slide-image swiper-lazy\" data-src=\"https:\/\/samuelalexis.com\/wp-content\/uploads\/2025\/04\/qollab_RGB_nom_noir_900px.png\" alt=\"qollab_RGB_nom_noir_900px\" \/><div class=\"swiper-lazy-preloader\"><\/div><\/figure><\/div><div class=\"swiper-slide\" role=\"group\" aria-roledescription=\"slide\" aria-label=\"9 sur 13\"><figure class=\"swiper-slide-inner\"><img class=\"swiper-slide-image swiper-lazy\" data-src=\"https:\/\/samuelalexis.com\/wp-content\/uploads\/2025\/04\/diversgens_logo_horizontale-noir-e1743605873157.png\" alt=\"diversgens_logo_horizontale-noir\" \/><div class=\"swiper-lazy-preloader\"><\/div><\/figure><\/div><div class=\"swiper-slide\" role=\"group\" aria-roledescription=\"slide\" aria-label=\"10 sur 13\"><figure class=\"swiper-slide-inner\"><img class=\"swiper-slide-image swiper-lazy\" data-src=\"https:\/\/samuelalexis.com\/wp-content\/uploads\/2025\/04\/8883-Migraine-Quebec-Logo-principal-avec-tag-NB.png\" alt=\"8883-Migraine Que\u0301bec Logo principal avec tag NB\" \/><div class=\"swiper-lazy-preloader\"><\/div><\/figure><\/div><div class=\"swiper-slide\" role=\"group\" aria-roledescription=\"slide\" aria-label=\"11 sur 13\"><figure class=\"swiper-slide-inner\"><img class=\"swiper-slide-image swiper-lazy\" data-src=\"https:\/\/samuelalexis.com\/wp-content\/uploads\/2025\/04\/logo-dianegistal-noir-e1743605892808.png\" alt=\"logo-dianegistal-noir\" \/><div class=\"swiper-lazy-preloader\"><\/div><\/figure><\/div><div class=\"swiper-slide\" role=\"group\" aria-roledescription=\"slide\" aria-label=\"12 sur 13\"><figure class=\"swiper-slide-inner\"><img class=\"swiper-slide-image swiper-lazy\" data-src=\"https:\/\/samuelalexis.com\/wp-content\/uploads\/2025\/04\/logo-MB-noir.png\" alt=\"logo-MB-noir\" \/><div class=\"swiper-lazy-preloader\"><\/div><\/figure><\/div><div class=\"swiper-slide\" role=\"group\" aria-roledescription=\"slide\" aria-label=\"13 sur 13\"><figure class=\"swiper-slide-inner\"><img class=\"swiper-slide-image swiper-lazy\" data-src=\"https:\/\/samuelalexis.com\/wp-content\/uploads\/2025\/04\/OQ-LOGO.png\" alt=\"OQ-LOGO\" \/><div class=\"swiper-lazy-preloader\"><\/div><\/figure><\/div>\t\t\t<\/div>\n\t\t\t\t\t\t\t\t\t\t\t\t<div class=\"elementor-swiper-button elementor-swiper-button-prev\" role=\"button\" tabindex=\"0\">\n\t\t\t\t\t\t<i aria-hidden=\"true\" class=\"eicon-chevron-left\"><\/i>\t\t\t\t\t<\/div>\n\t\t\t\t\t<div class=\"elementor-swiper-button elementor-swiper-button-next\" role=\"button\" tabindex=\"0\">\n\t\t\t\t\t\t<i aria-hidden=\"true\" class=\"eicon-chevron-right\"><\/i>\t\t\t\t\t<\/div>\n\t\t\t\t\n\t\t\t\t\t\t\t\t\t<\/div>\n\t\t\t\t\t\t<\/div>\n\t\t\t\t<\/div>\n\t\t\t\t<\/div>\n\t\t\t\t\t<\/div>\n\t\t\t\t<\/div>\n\t\t\t\t<\/div>","protected":false},"excerpt":{"rendered":"<p>inclusion \u2733 cr\u00e9ativit\u00e9 \u2733 flexibilit\u00e9 \u2733 \u00e9coute \u2733 organisation \u2733 authenticit\u00e9 \u2733 identit\u00e9 visuelle \u2733 mise en page \u2733 site web \u2733 illustration \u2733 Graphiste de coeur Depuis l\u2019adolescence et maintenant dans mon m\u00e9tier, j\u2019ai toujours voulu m\u2019impliquer, \u00e0 ma fa\u00e7on, aupr\u00e8s des communaut\u00e9s marginalis\u00e9es. Pour moi, c\u2019est essentiel de donner valoriser des projets qui [&hellip;]<\/p>\n","protected":false},"author":1,"featured_media":0,"parent":0,"menu_order":0,"comment_status":"closed","ping_status":"closed","template":"elementor_header_footer","meta":{"footnotes":""},"class_list":["post-4553","page","type-page","status-publish","hentry"],"_links":{"self":[{"href":"https:\/\/samuelalexis.com\/en\/wp-json\/wp\/v2\/pages\/4553","targetHints":{"allow":["GET"]}}],"collection":[{"href":"https:\/\/samuelalexis.com\/en\/wp-json\/wp\/v2\/pages"}],"about":[{"href":"https:\/\/samuelalexis.com\/en\/wp-json\/wp\/v2\/types\/page"}],"author":[{"embeddable":true,"href":"https:\/\/samuelalexis.com\/en\/wp-json\/wp\/v2\/users\/1"}],"replies":[{"embeddable":true,"href":"https:\/\/samuelalexis.com\/en\/wp-json\/wp\/v2\/comments?post=4553"}],"version-history":[{"count":5,"href":"https:\/\/samuelalexis.com\/en\/wp-json\/wp\/v2\/pages\/4553\/revisions"}],"predecessor-version":[{"id":5222,"href":"https:\/\/samuelalexis.com\/en\/wp-json\/wp\/v2\/pages\/4553\/revisions\/5222"}],"wp:attachment":[{"href":"https:\/\/samuelalexis.com\/en\/wp-json\/wp\/v2\/media?parent=4553"}],"curies":[{"name":"wp","href":"https:\/\/api.w.org\/{rel}","templated":true}]}}